{"id":25925,"date":"2026-04-14T13:41:21","date_gmt":"2026-04-14T11:41:21","guid":{"rendered":"https:\/\/www.spaverde.pl\/?post_type=product&#038;p=25925"},"modified":"2026-04-14T13:41:22","modified_gmt":"2026-04-14T11:41:22","slug":"karnet-masazowy-na-masaz-tkanek-glebokich-lub-sesje-relaksacyjna","status":"publish","type":"product","link":"https:\/\/www.spaverde.pl\/en\/product\/karnet-masazowy-na-masaz-tkanek-glebokich-lub-sesje-relaksacyjna\/","title":{"rendered":"Karnet Masa\u017cowy na masa\u017c tkanek g\u0142\u0119bokich lub sesj\u0119 relaksacyjn\u0105"},"content":{"rendered":"<p>Masa\u017c antystresowy tkanek g\u0142\u0119bokich:<\/p>\n<p>Masa\u017c ten zapewnia niezapomniane wra\u017cenia i trwa\u0142e rezultaty w poprawie zdrowia oraz samopoczucia. Jest te\u017c dobr\u0105 alternatyw\u0105 dla os\u00f3b nie przepadaj\u0105cych za delikatnymi masa\u017cami \u2013 szczeg\u00f3lnie dla tych, kt\u00f3rzy poszukuj\u0105 w masa\u017cu wytchnienia od uporczywych dolegliwo\u015bci.<\/p>\n<p>\u2013 wspomaga rozlu\u017anienie i regeneracj\u0119 mi\u0119\u015bni<br \/>\n\u2013 usprawnia cyrkulacj\u0119 krwi<br \/>\n\u2013 uwalnia od b\u00f3lu w dalszych obszarach, np. migreny<br \/>\n\u2013 pomaga w produkcji endorfin<br \/>\n\u2013 \u0142agodzi wewn\u0119trzne napi\u0119cia i wycisza<\/p>\n<p>Relaksacyjna sesja masa\u017cu:<\/p>\n<p>A wonderful massage for those overburdened by the rush of everyday life. Gentle, flowing movements induce deep relaxation and give space to get away from rushing thoughts.<br \/>\nIdeal for those who find it difficult to de-stress on their own. A contemplative, most peaceful treatment in the Verde Day Spa range.<\/p>\n<p>Dost\u0119pne warianty:<br \/>\n&#8211; 3 masa\u017ce 60-cio minutowe 700 PLN<br \/>\n&#8211; 6 masa\u017cy 60-cio minutowych 1300 PLN<br \/>\n&#8211; 9 masa\u017cy 60-cio minutowych 2000 PLN<\/p>\n<p>Karnety s\u0105 imienne i mog\u0105 by\u0107 wykorzystane przez jedn\u0105 osob\u0119.<br \/>\nKa\u017cdy karnet jest wa\u017cny przez 6 miesi\u0119cy od daty zakupu.<\/p>","protected":false},"excerpt":{"rendered":"<p>Masa\u017c antystresowy tkanek g\u0142\u0119bokich: Masa\u017c ten zapewnia niezapomniane wra\u017cenia i trwa\u0142e rezultaty w poprawie zdrowia oraz samopoczucia. Jest te\u017c dobr\u0105 alternatyw\u0105 dla os\u00f3b nie przepadaj\u0105cych za delikatnymi masa\u017cami \u2013 szczeg\u00f3lnie dla tych, kt\u00f3rzy poszukuj\u0105 w masa\u017cu wytchnienia od uporczywych dolegliwo\u015bci. \u2013 wspomaga rozlu\u017anienie i regeneracj\u0119 mi\u0119\u015bni \u2013 usprawnia cyrkulacj\u0119 krwi \u2013 uwalnia od b\u00f3lu w [&hellip;]<\/p>","protected":false},"featured_media":23143,"template":"","meta":[],"product_brand":[],"product_cat":[15,136,131],"product_tag":[],"class_list":{"0":"post-25925","1":"product","2":"type-product","3":"status-publish","4":"has-post-thumbnail","6":"product_cat-masaze","7":"product_cat-pakiety","8":"product_cat-zabiegi","10":"first","11":"instock","12":"sale","13":"shipping-taxable","14":"purchasable","15":"product-type-variable"},"_links":{"self":[{"href":"https:\/\/www.spaverde.pl\/en\/wp-json\/wp\/v2\/product\/25925","targetHints":{"allow":["GET"]}}],"collection":[{"href":"https:\/\/www.spaverde.pl\/en\/wp-json\/wp\/v2\/product"}],"about":[{"href":"https:\/\/www.spaverde.pl\/en\/wp-json\/wp\/v2\/types\/product"}],"version-history":[{"count":0,"href":"https:\/\/www.spaverde.pl\/en\/wp-json\/wp\/v2\/product\/25925\/revisions"}],"wp:featuredmedia":[{"embeddable":true,"href":"https:\/\/www.spaverde.pl\/en\/wp-json\/wp\/v2\/media\/23143"}],"wp:attachment":[{"href":"https:\/\/www.spaverde.pl\/en\/wp-json\/wp\/v2\/media?parent=25925"}],"wp:term":[{"taxonomy":"product_brand","embeddable":true,"href":"https:\/\/www.spaverde.pl\/en\/wp-json\/wp\/v2\/product_brand?post=25925"},{"taxonomy":"product_cat","embeddable":true,"href":"https:\/\/www.spaverde.pl\/en\/wp-json\/wp\/v2\/product_cat?post=25925"},{"taxonomy":"product_tag","embeddable":true,"href":"https:\/\/www.spaverde.pl\/en\/wp-json\/wp\/v2\/product_tag?post=25925"}],"curies":[{"name":"wp","href":"https:\/\/api.w.org\/{rel}","templated":true}]}}