{"id":25837,"date":"2026-03-09T12:28:14","date_gmt":"2026-03-09T11:28:14","guid":{"rendered":"https:\/\/www.spaverde.pl\/?post_type=product&#038;p=25837"},"modified":"2026-03-29T14:15:16","modified_gmt":"2026-03-29T12:15:16","slug":"terapia-bowena-kontunuacja","status":"publish","type":"product","link":"https:\/\/www.spaverde.pl\/en\/product\/terapia-bowena-kontunuacja\/","title":{"rendered":"Terapia Bowena &#8211; kontynuacja"},"content":{"rendered":"<p>Czas trwania: 60 minut<\/p>\n<p>The Bowen technique is one of the osteopathic modalities. It works through the nervous system on both a structural and functional level, through the muscular and fascial systems and through the lymphatic and circulatory systems. It unblocks systemic repair processes bringing the body back into balance.<\/p>\n<p>The treatment consists of gentle, specific movements in very specific areas, either directly on the skin or through a thin garment. During the treatment, the therapist concentrates on working with the fascia. During the session, there are breaks between the individual movements. These are of great importance as they give the body the necessary time to react and start the healing process.<\/p>\n<p>Often, it only takes a few sessions for many complaints to subside.<\/p>\n<p>Celem zabiegu jest ca\u0142e cia\u0142o, ale mo\u017ce by\u0107 te\u017c kierowany na konkretny problem. Zabieg trwa oko\u0142o 60 minut i jest wykonywany w ubraniu.<\/p>\n<p>The treatment is performed once a week. The vibration released during movement according to the Bowen concept is transmitted to the nervous system and stimulates the brain to trigger the healing process in the body.<\/p>\n<p>The Bowen technique is used for ailments such as:<\/p>\n<p>\u2013 problemy mi\u0119\u015bniowo-szkieletowe<\/p>\n<p>\u2013 b\u00f3le karku,plec\u00f3w i l\u0119dzwi, rwa kulszowa<\/p>\n<p>\u2013 wady kr\u0119gos\u0142upa, skolioza,dyskopatie<\/p>\n<p>\u2013 schorzenia bioder, kolan i stop (takze haluksy)<\/p>\n<p>\u2013 zesp\u00f3\u0142 cie\u015bni nadgarstka, \u0142okie\u0107 tenisisty i golfisty<\/p>\n<p>\u2013 problemy ze stawem skroniowo-\u017cuchwowym<\/p>\n<p>\u2013 zwyrodnienia i zapalenia staw\u00f3w (w tym RZS,ZZSK)<\/p>\n<p>\u2013 choroby neurologiczne: udary MPD Parkinson,SM<\/p>\n<p>\u2013 problemy oddechowe: astma.rozedma p\u0142uc<\/p>\n<p>\u2013 alergie, s\u0142aba odpornos\u0107, bezsenno\u015b\u0107<\/p>\n<p>\u2013 b\u00f3le g\u0142owy, migreny.zawroty g\u0142owy, padaczka zatoki<\/p>\n<p>\u2013 dysfunkcje narz\u0105d\u00f3w<\/p>\n<p>\u2013 problemy z organami rozrodczymi, miesi\u0105czkowaniem, menopauz\u0105, niep\u0142odno\u015bci\u0105<\/p>\n<p>\u2013 dolegliwo\u015bci w czasie cia\u017cy i oko\u0142oporodowe<\/p>\n<p>\u2013 kolki, gazy, niestrawno\u015b\u0107 u niemowl\u0105t<\/p>\n<p>\u2013 problemy trawienne i wydalnicze, zgaga, refluks,choroba wrzodowa, schorzenia -p\u0119cherzyka \u017c\u00f3\u0142ciowego,jelita grubego(w tym jelito wra\u017cliwe)<\/p>\n<p>\u2013 biegunki,zaparcia, hemoroidy<\/p>\n<p>\u2013 problemy kr\u0105zeniowe zwi\u0105zane z cisnieniem t\u0119tniczym, choroby serca, zatory limfatyczne<\/p>\n<p>\u2013 napi\u0119cie ,niepok\u00f3j, stres, niestabilno\u015b\u0107 emocjonalana, depresja, ADHD<\/p>\n<p>\u2013 zesp\u00f3\u0142 hronicznego zm\u0119czenia<\/p>\n<p>\u2013 fibromialgia i miastenia<\/p>\n<p>\u2013 choroby tarczycy,choroby uk\u0142adu moczowego, choroby nerek, p\u0119cherza,<\/p>\n<p>\u2013 moczenie nocne u dzieci.<\/p>\n<p>&nbsp;<\/p>\n<p>Wszystkie karnety s\u0105 wa\u017cne 6 miesi\u0119cy od daty zakupu.<\/p>","protected":false},"excerpt":{"rendered":"<p>Czas trwania: 60 minut Technika Bowena to jedna z metod osteopatycznych. Dzia\u0142a poprzez uk\u0142ad nerwowy zar\u00f3wno na poziomie strukturalnym jak i funkcjonalnym, poprzez uk\u0142ad mi\u0119\u015bniowy i powi\u0119ziowy, a takze przez uklad limfatyczny i kr\u0105\u017cenia. Odblokowuje og\u00f3lnoustrojowe procesy naprawcze przywracajac organizm do r\u00f3wnowagi. Zabieg sk\u0142ada si\u0119 z delikatnych, specyficznych ruch\u00f3w w bardzo konkretnych miejscach,wykonywanych bezpo\u015brednio na [&hellip;]<\/p>","protected":false},"featured_media":23538,"template":"","meta":[],"product_brand":[],"product_cat":[136,1327,131],"product_tag":[],"class_list":{"0":"post-25837","1":"product","2":"type-product","3":"status-publish","4":"has-post-thumbnail","6":"product_cat-pakiety","7":"product_cat-terapie-holistyczne","8":"product_cat-zabiegi","10":"first","11":"instock","12":"shipping-taxable","13":"purchasable","14":"product-type-variable"},"_links":{"self":[{"href":"https:\/\/www.spaverde.pl\/en\/wp-json\/wp\/v2\/product\/25837","targetHints":{"allow":["GET"]}}],"collection":[{"href":"https:\/\/www.spaverde.pl\/en\/wp-json\/wp\/v2\/product"}],"about":[{"href":"https:\/\/www.spaverde.pl\/en\/wp-json\/wp\/v2\/types\/product"}],"version-history":[{"count":0,"href":"https:\/\/www.spaverde.pl\/en\/wp-json\/wp\/v2\/product\/25837\/revisions"}],"wp:featuredmedia":[{"embeddable":true,"href":"https:\/\/www.spaverde.pl\/en\/wp-json\/wp\/v2\/media\/23538"}],"wp:attachment":[{"href":"https:\/\/www.spaverde.pl\/en\/wp-json\/wp\/v2\/media?parent=25837"}],"wp:term":[{"taxonomy":"product_brand","embeddable":true,"href":"https:\/\/www.spaverde.pl\/en\/wp-json\/wp\/v2\/product_brand?post=25837"},{"taxonomy":"product_cat","embeddable":true,"href":"https:\/\/www.spaverde.pl\/en\/wp-json\/wp\/v2\/product_cat?post=25837"},{"taxonomy":"product_tag","embeddable":true,"href":"https:\/\/www.spaverde.pl\/en\/wp-json\/wp\/v2\/product_tag?post=25837"}],"curies":[{"name":"wp","href":"https:\/\/api.w.org\/{rel}","templated":true}]}}