{"id":25374,"date":"2025-09-13T12:35:44","date_gmt":"2025-09-13T10:35:44","guid":{"rendered":"https:\/\/www.spaverde.pl\/?post_type=product&#038;p=25374"},"modified":"2025-09-13T13:14:33","modified_gmt":"2025-09-13T11:14:33","slug":"ko","status":"publish","type":"product","link":"https:\/\/www.spaverde.pl\/en\/product\/ko\/","title":{"rendered":"Kobido Body"},"content":{"rendered":"<p>Kobido Body to estetyczna multiterapia, kt\u00f3ra ma na celu zredukowanie cellulitu, zmniejszenie obwodu talii, ramoin.<\/p>\n<p>Po takim zabiegu Twoja sk\u00f3ra b\u0119dzie bardziej spr\u0119\u017cysta i napi\u0119ta.<\/p>\n<p>Jest to alternatywa dla inwazyjnych zabieg\u00f3w medycyny estetycznej.<\/p>\n<p>Dost\u0119pne warianty:<\/p>\n<ul>\n<li>Brzuch + ramiona<\/li>\n<li>Nogi + po\u015bladki<\/li>\n<\/ul>\n<p>Zabieg sk\u0142ada z min. z:<\/p>\n<ul>\n<li>Manualnego drena\u017cu<\/li>\n<li>Terapii konturowej powi\u0119zi<\/li>\n<li>Modeluj\u0105cej terapii manualnej<\/li>\n<li>Lipolitycznego masa\u017cu lodem<\/li>\n<\/ul>\n<p>&nbsp;<\/p>\n<p>Indications:<\/p>\n<p>&#8211; Cellulit<\/p>\n<p>&#8211; Sk\u00f3ra kt\u00f3ra utraci\u0142a swoj\u0105 j\u0119drno\u015b\u0107<\/p>\n<p>&#8211; wa\u0142eczki nad kolanami<\/p>\n<p>-pelikany( zmniejszenie lub redukcja tzw. lu\u017anych ramion)<\/p>\n<p>-zastoje limfatyczne<\/p>\n<p>&nbsp;<\/p>","protected":false},"excerpt":{"rendered":"<p><strong>Dost\u0119pne warianty:<\/strong><\/p>\n<ul>\n<li>Brzuch + ramiona<\/li>\n<li>Nogi + po\u015bladki<\/li>\n<\/ul>\n<p><strong>Treatment time:<\/strong> 60 minutes<\/p>\n<p>&nbsp;<\/p>","protected":false},"featured_media":25377,"template":"","meta":[],"product_brand":[],"product_cat":[15,295,131],"product_tag":[],"class_list":{"0":"post-25374","1":"product","2":"type-product","3":"status-publish","4":"has-post-thumbnail","6":"product_cat-masaze","7":"product_cat-cialo","8":"product_cat-zabiegi","10":"first","11":"instock","12":"shipping-taxable","13":"purchasable","14":"product-type-simple"},"_links":{"self":[{"href":"https:\/\/www.spaverde.pl\/en\/wp-json\/wp\/v2\/product\/25374","targetHints":{"allow":["GET"]}}],"collection":[{"href":"https:\/\/www.spaverde.pl\/en\/wp-json\/wp\/v2\/product"}],"about":[{"href":"https:\/\/www.spaverde.pl\/en\/wp-json\/wp\/v2\/types\/product"}],"version-history":[{"count":0,"href":"https:\/\/www.spaverde.pl\/en\/wp-json\/wp\/v2\/product\/25374\/revisions"}],"wp:featuredmedia":[{"embeddable":true,"href":"https:\/\/www.spaverde.pl\/en\/wp-json\/wp\/v2\/media\/25377"}],"wp:attachment":[{"href":"https:\/\/www.spaverde.pl\/en\/wp-json\/wp\/v2\/media?parent=25374"}],"wp:term":[{"taxonomy":"product_brand","embeddable":true,"href":"https:\/\/www.spaverde.pl\/en\/wp-json\/wp\/v2\/product_brand?post=25374"},{"taxonomy":"product_cat","embeddable":true,"href":"https:\/\/www.spaverde.pl\/en\/wp-json\/wp\/v2\/product_cat?post=25374"},{"taxonomy":"product_tag","embeddable":true,"href":"https:\/\/www.spaverde.pl\/en\/wp-json\/wp\/v2\/product_tag?post=25374"}],"curies":[{"name":"wp","href":"https:\/\/api.w.org\/{rel}","templated":true}]}}