{"id":24909,"date":"2025-02-18T12:43:57","date_gmt":"2025-02-18T11:43:57","guid":{"rendered":"https:\/\/www.spaverde.pl\/?post_type=product&#038;p=24909"},"modified":"2025-02-18T13:07:47","modified_gmt":"2025-02-18T12:07:47","slug":"mini-pakiet-spa","status":"publish","type":"product","link":"https:\/\/www.spaverde.pl\/en\/product\/mini-pakiet-spa\/","title":{"rendered":"Mini Spa Package"},"content":{"rendered":"<p><span style=\"font-weight: 400\">Peeling Ca\u0142ego cia\u0142a &#8211; Dzi\u0119ki przyjemnemu, intensywnemu masa\u017cowi peelinguj\u0105cemu uzyskujemy pi\u0119kn\u0105, jedwabist\u0105 i jednolit\u0105 sk\u00f3r\u0119 w obszarze, w kt\u00f3rym ci\u0119\u017cko jest sobie pom\u00f3c piel\u0119gnacj\u0105 domow\u0105. Dodatkowo peeeling usprawnia przep\u0142yw limfy, poprawia kr\u0105\u017cenie i rozlu\u017ania powi\u0119\u017a, wspaniale przygotowuj\u0105c do masa\u017cu.\u00a0<\/span><\/p>\n<p><span style=\"font-weight: 400\">Wybrany Masa\u017c 45 min &#8211; Obszar masa\u017cu (np. plecy, nogi) oraz intensywno\u015b\u0107 mo\u017cna dobra\u0107 indywidualnie z terapeutk\u0105.\u00a0<\/span><\/p>\n<p><span style=\"font-weight: 400\">Face express 30min &#8211; Szybki i od\u015bwie\u017caj\u0105cy zabieg sk\u0142adaj\u0105cy si\u0119 z peelingu enzymatycznego oraz kremowej maski owsiano \u2013 bambusowej, kt\u00f3rego zwie\u0144czeniem jest masa\u017c twarzy.<\/span><\/p>","protected":false},"excerpt":{"rendered":"<p>120 minutowy, kompleksowy zabieg \u0142\u0105cz\u0105cy piel\u0119gnacj\u0119 sk\u00f3ry,\u00a0 rozlu\u017anienie spi\u0119\u0107 oraz oczyszczanie twarzy.<\/p>\n<p>Po\u0142\u0105czenie najlepszych i najbardziej popularnych zabieg\u00f3w w kompaktowym zestawie.<\/p>\n<p>&nbsp;<\/p>","protected":false},"featured_media":24915,"template":"","meta":[],"product_brand":[],"product_cat":[15,136,133],"product_tag":[],"class_list":{"0":"post-24909","1":"product","2":"type-product","3":"status-publish","4":"has-post-thumbnail","6":"product_cat-masaze","7":"product_cat-pakiety","8":"product_cat-twarz","10":"first","11":"instock","12":"shipping-taxable","13":"purchasable","14":"product-type-simple"},"_links":{"self":[{"href":"https:\/\/www.spaverde.pl\/en\/wp-json\/wp\/v2\/product\/24909","targetHints":{"allow":["GET"]}}],"collection":[{"href":"https:\/\/www.spaverde.pl\/en\/wp-json\/wp\/v2\/product"}],"about":[{"href":"https:\/\/www.spaverde.pl\/en\/wp-json\/wp\/v2\/types\/product"}],"version-history":[{"count":0,"href":"https:\/\/www.spaverde.pl\/en\/wp-json\/wp\/v2\/product\/24909\/revisions"}],"wp:featuredmedia":[{"embeddable":true,"href":"https:\/\/www.spaverde.pl\/en\/wp-json\/wp\/v2\/media\/24915"}],"wp:attachment":[{"href":"https:\/\/www.spaverde.pl\/en\/wp-json\/wp\/v2\/media?parent=24909"}],"wp:term":[{"taxonomy":"product_brand","embeddable":true,"href":"https:\/\/www.spaverde.pl\/en\/wp-json\/wp\/v2\/product_brand?post=24909"},{"taxonomy":"product_cat","embeddable":true,"href":"https:\/\/www.spaverde.pl\/en\/wp-json\/wp\/v2\/product_cat?post=24909"},{"taxonomy":"product_tag","embeddable":true,"href":"https:\/\/www.spaverde.pl\/en\/wp-json\/wp\/v2\/product_tag?post=24909"}],"curies":[{"name":"wp","href":"https:\/\/api.w.org\/{rel}","templated":true}]}}