{"id":23543,"date":"2024-01-07T22:49:47","date_gmt":"2024-01-07T21:49:47","guid":{"rendered":"https:\/\/www.spaverde.pl\/?post_type=product&#038;p=23543"},"modified":"2024-10-26T09:32:24","modified_gmt":"2024-10-26T07:32:24","slug":"ajurweda","status":"publish","type":"product","link":"https:\/\/www.spaverde.pl\/en\/product\/ajurweda\/","title":{"rendered":"Ayurvedic massage"},"content":{"rendered":"<p><span style=\"font-weight: 400;\">Ayurveda is the ancient Indian science of the art of living: in health and happiness, in harmony. Ayurvedic massage is one way to help maintain or restore a state of balance, or health.<\/span><\/p>\n<p><span style=\"font-weight: 400;\">There are many types of Ayurvedic massage. Verde offers PRANA ABHYANGA. Prana is the subtle vital energy that circulates through the body, keeping it alive.\u00a0 <\/span><span style=\"font-weight: 400;\">Lack of health or well-being is a disturbance in the flow of prana.\u00a0<\/span><span style=\"font-weight: 400;\">The right touch is able to restore its circulation and bring us back to well-being on many levels, including physical, mental and energetic.\u00a0<\/span><span style=\"font-weight: 400;\">\u00a0<\/span><\/p>\n<p><span style=\"font-weight: 400;\">Lack of health from different levels can affect the wellbeing or health of others.\u00a0 <\/span><span style=\"font-weight: 400;\">This form of harmonisation can therefore provide relief from physical suffering, dermatological, orthopaedic, gastrointestinal or psychological symptoms, or it can simply help you to relax very deeply and find answers to difficult questions. You may find that after many sleepless nights, you finally fall asleep. Or after many attempts to get out of the vicious circle of stress, you will take a step in a different direction and feel relief.\u00a0 <\/span><span style=\"font-weight: 400;\">It can be a great support during therapy, diagnostics, especially those with inconclusive results.<\/span><\/p>\n<p><span style=\"font-weight: 400;\">We don't see this as the only path to recovery, but we do our best to make it as supportive as possible in your recovery path.\u00a0<\/span><\/p>\n<p><span style=\"font-weight: 400;\">The massage is performed with sesame or almond oil and covers the whole body, including points on the face and head.\u00a0<\/span><\/p>\n<p><span style=\"font-weight: 400;\">Its progression is individual, as the needs are different, but the sequence is always according to the art of Ayurvedic massage. Sometimes we start at the front of the body, sometimes at the back.\u00a0<\/span><\/p>\n<p><span style=\"font-weight: 400;\">During the massage you are asked_ from time to time to take 3 deep breaths, this allows for improved flows and better harmonisation. By the way- the body rejoices because you are providing it with what it cannot live without- solid breath.\u00a0<\/span><\/p>","protected":false},"excerpt":{"rendered":"<p>Ajurweda to staro\u017cytna indyjska nauka sztuki \u017cycia: w zdrowiu i szcz\u0119\u015bciu, w harmonii. Masa\u017c ajurwedyjski jest jednym ze sposob\u00f3w pomagaj\u0105cych w utrzymaniu lub przywr\u00f3ceniu stanu r\u00f3wnowagi, czyli zdrowia. Rodzaj\u00f3w masa\u017cu ajurwedyjskiego jest bardzo wiele. Verde oferuje PRANA ABHYANGA. Prana to subtelna \u017cyciowa energia, kt\u00f3ra kr\u0105\u017cy w ciele, utrzymuj\u0105c je przy \u017cyciu.\u00a0 Brak zdrowia lub dobrego [&hellip;]<\/p>","protected":false},"featured_media":23546,"template":"","meta":[],"product_brand":[514],"product_cat":[1327,131,15],"product_tag":[],"class_list":{"0":"post-23543","1":"product","2":"type-product","3":"status-publish","4":"has-post-thumbnail","6":"product_brand-verde","7":"product_cat-terapie-holistyczne","8":"product_cat-zabiegi","9":"product_cat-masaze","11":"first","12":"instock","13":"shipping-taxable","14":"purchasable","15":"product-type-variable"},"_links":{"self":[{"href":"https:\/\/www.spaverde.pl\/en\/wp-json\/wp\/v2\/product\/23543","targetHints":{"allow":["GET"]}}],"collection":[{"href":"https:\/\/www.spaverde.pl\/en\/wp-json\/wp\/v2\/product"}],"about":[{"href":"https:\/\/www.spaverde.pl\/en\/wp-json\/wp\/v2\/types\/product"}],"version-history":[{"count":0,"href":"https:\/\/www.spaverde.pl\/en\/wp-json\/wp\/v2\/product\/23543\/revisions"}],"wp:featuredmedia":[{"embeddable":true,"href":"https:\/\/www.spaverde.pl\/en\/wp-json\/wp\/v2\/media\/23546"}],"wp:attachment":[{"href":"https:\/\/www.spaverde.pl\/en\/wp-json\/wp\/v2\/media?parent=23543"}],"wp:term":[{"taxonomy":"product_brand","embeddable":true,"href":"https:\/\/www.spaverde.pl\/en\/wp-json\/wp\/v2\/product_brand?post=23543"},{"taxonomy":"product_cat","embeddable":true,"href":"https:\/\/www.spaverde.pl\/en\/wp-json\/wp\/v2\/product_cat?post=23543"},{"taxonomy":"product_tag","embeddable":true,"href":"https:\/\/www.spaverde.pl\/en\/wp-json\/wp\/v2\/product_tag?post=23543"}],"curies":[{"name":"wp","href":"https:\/\/api.w.org\/{rel}","templated":true}]}}