{"id":23507,"date":"2024-01-04T16:33:35","date_gmt":"2024-01-04T15:33:35","guid":{"rendered":"https:\/\/www.spaverde.pl\/?post_type=product&#038;p=23507"},"modified":"2024-09-15T23:39:24","modified_gmt":"2024-09-15T21:39:24","slug":"retix-c","status":"publish","type":"product","link":"https:\/\/www.spaverde.pl\/en\/product\/retix-c\/","title":{"rendered":"Retix C"},"content":{"rendered":"<p><strong>Retix C treatment<\/strong>\u00a0is one of the most effective anti-ageing therapies, the preparation used has been clinically tested and is recommended by many cosmetologists and doctors.<\/p>\n<p>The formulation consists of: retinol 5%, vitamin C 15%, antioxidant complex 30%<\/p>\n<p><strong>Indications:<\/strong><\/p>\n<ul>\n<li>reduction in skin firmness<\/li>\n<li>scars<\/li>\n<li>stretch marks (treatment can be performed on selected parts of the body)<\/li>\n<li>discolourations<\/li>\n<li>reduced skin moisture<\/li>\n<\/ul>\n<p><strong>Contraindications:<\/strong><\/p>\n<ul>\n<li>recent antibiotic or retinoid treatment<\/li>\n<li>discontinuity of the epidermis<\/li>\n<li>herpes<\/li>\n<li>AZS<\/li>\n<li>psoriasis<\/li>\n<li>active acne lesions<\/li>\n<\/ul>\n<p>The effects are visible after the first treatment, but to maintain them we recommend a series of treatments based on a personalised plan created with our therapist.<\/p>","protected":false},"excerpt":{"rendered":"<p>Zabieg Retix C\u00a0to jedna z najskuteczniejszych terapii przeciwstarzeniowych, preparat u\u017cywany do jego wykonania zosta\u0142 przebadany klinicznie i jest rekomendowany przez wielu kosmetolog\u00f3w i lekarzy. W sk\u0142ad preparatu wchodz\u0105: retinol 5%, witamina C 15%, kompleks antyoksydant\u00f3w 30% Wskazania: zmniejszenie j\u0119drno\u015bci sk\u00f3ry blizny rozst\u0119py (zabieg mo\u017cna wykonywa\u0107 na wybrane partie cia\u0142a) przebarwienia zmniejszony poziom nawil\u017cenia sk\u00f3ry Przeciwskazania: [&hellip;]<\/p>","protected":false},"featured_media":23505,"template":"","meta":[],"product_brand":[430,514],"product_cat":[133,131],"product_tag":[],"class_list":{"0":"post-23507","1":"product","2":"type-product","3":"status-publish","4":"has-post-thumbnail","6":"product_brand-peel-mission","7":"product_brand-verde","8":"product_cat-twarz","9":"product_cat-zabiegi","11":"first","12":"instock","13":"shipping-taxable","14":"purchasable","15":"product-type-variable"},"_links":{"self":[{"href":"https:\/\/www.spaverde.pl\/en\/wp-json\/wp\/v2\/product\/23507","targetHints":{"allow":["GET"]}}],"collection":[{"href":"https:\/\/www.spaverde.pl\/en\/wp-json\/wp\/v2\/product"}],"about":[{"href":"https:\/\/www.spaverde.pl\/en\/wp-json\/wp\/v2\/types\/product"}],"version-history":[{"count":0,"href":"https:\/\/www.spaverde.pl\/en\/wp-json\/wp\/v2\/product\/23507\/revisions"}],"wp:featuredmedia":[{"embeddable":true,"href":"https:\/\/www.spaverde.pl\/en\/wp-json\/wp\/v2\/media\/23505"}],"wp:attachment":[{"href":"https:\/\/www.spaverde.pl\/en\/wp-json\/wp\/v2\/media?parent=23507"}],"wp:term":[{"taxonomy":"product_brand","embeddable":true,"href":"https:\/\/www.spaverde.pl\/en\/wp-json\/wp\/v2\/product_brand?post=23507"},{"taxonomy":"product_cat","embeddable":true,"href":"https:\/\/www.spaverde.pl\/en\/wp-json\/wp\/v2\/product_cat?post=23507"},{"taxonomy":"product_tag","embeddable":true,"href":"https:\/\/www.spaverde.pl\/en\/wp-json\/wp\/v2\/product_tag?post=23507"}],"curies":[{"name":"wp","href":"https:\/\/api.w.org\/{rel}","templated":true}]}}