{"id":19851,"date":"2022-05-26T13:57:30","date_gmt":"2022-05-26T11:57:30","guid":{"rendered":"https:\/\/www.spaverde.pl\/?post_type=product&#038;p=19851"},"modified":"2026-04-14T13:51:04","modified_gmt":"2026-04-14T11:51:04","slug":"bony-podarunkowe","status":"publish","type":"product","link":"https:\/\/www.spaverde.pl\/en\/product\/gift-vouchers\/","title":{"rendered":"Gift vouchers"},"content":{"rendered":"<div data-elementor-type=\"product-post\" data-elementor-id=\"19851\" class=\"elementor elementor-19851\" data-elementor-post-type=\"product\">\n\t\t\t\t<div class=\"elementor-element elementor-element-4dd222bf e-flex e-con-boxed e-con e-parent\" data-id=\"4dd222bf\" data-element_type=\"container\" data-e-type=\"container\">\n\t\t\t\t\t<div class=\"e-con-inner\">\n\t\t\t\t<div class=\"elementor-element elementor-element-1a7317b5 elementor-widget elementor-widget-text-editor\" data-id=\"1a7317b5\" data-element_type=\"widget\" data-e-type=\"widget\" data-widget_type=\"text-editor.default\">\n\t\t\t\t<div class=\"elementor-widget-container\">\n\t\t\t\t\t\t\t\t\t<p>Voucher for a personalised break.<\/p>\n<p>Take a look at our massage and treatment offerings. Remember, any purchase you make, we can give you in the form of an elegant gift voucher that your loved ones will enjoy.<br>Inhale, exhale.<br>This could be a very good day \ud83d\ude42<\/p>\n<p><strong>1. electronic Voucher generation time - up to 48 hours.<\/strong><br><strong>(2) Collection of the Voucher in hard copy - 6\/4 Bracka Street, during reception opening hours.<br>3. Vouchery s\u0105 wa\u017cne 3 miesi\u0105ce od daty zakupu.<\/strong><\/p>\n<p>Regulamin korzystania z voucher\u00f3w Verde Day Spa znajdziesz w zak\u0142adce FAQ&nbsp;<\/p>\t\t\t\t\t\t\t\t<\/div>\n\t\t\t\t<\/div>\n\t\t\t\t\t<\/div>\n\t\t\t\t<\/div>\n\t\t\t\t<\/div>","protected":false},"excerpt":{"rendered":"<p><strong>On the problem: <\/strong>a desire to appreciate a loved one, gift vouchers, a present<strong><br \/>\n<\/strong><strong>Categories:<\/strong> gift<\/p>","protected":false},"featured_media":21601,"template":"","meta":[],"product_brand":[],"product_cat":[131,15,136],"product_tag":[],"class_list":{"0":"post-19851","1":"product","2":"type-product","3":"status-publish","4":"has-post-thumbnail","6":"product_cat-zabiegi","7":"product_cat-masaze","8":"product_cat-pakiety","10":"first","11":"instock","12":"shipping-taxable","13":"purchasable","14":"product-type-variable"},"_links":{"self":[{"href":"https:\/\/www.spaverde.pl\/en\/wp-json\/wp\/v2\/product\/19851","targetHints":{"allow":["GET"]}}],"collection":[{"href":"https:\/\/www.spaverde.pl\/en\/wp-json\/wp\/v2\/product"}],"about":[{"href":"https:\/\/www.spaverde.pl\/en\/wp-json\/wp\/v2\/types\/product"}],"version-history":[{"count":0,"href":"https:\/\/www.spaverde.pl\/en\/wp-json\/wp\/v2\/product\/19851\/revisions"}],"wp:featuredmedia":[{"embeddable":true,"href":"https:\/\/www.spaverde.pl\/en\/wp-json\/wp\/v2\/media\/21601"}],"wp:attachment":[{"href":"https:\/\/www.spaverde.pl\/en\/wp-json\/wp\/v2\/media?parent=19851"}],"wp:term":[{"taxonomy":"product_brand","embeddable":true,"href":"https:\/\/www.spaverde.pl\/en\/wp-json\/wp\/v2\/product_brand?post=19851"},{"taxonomy":"product_cat","embeddable":true,"href":"https:\/\/www.spaverde.pl\/en\/wp-json\/wp\/v2\/product_cat?post=19851"},{"taxonomy":"product_tag","embeddable":true,"href":"https:\/\/www.spaverde.pl\/en\/wp-json\/wp\/v2\/product_tag?post=19851"}],"curies":[{"name":"wp","href":"https:\/\/api.w.org\/{rel}","templated":true}]}}