{"id":19608,"date":"2022-04-11T16:10:14","date_gmt":"2022-04-11T14:10:14","guid":{"rendered":"https:\/\/www.spaverde.pl\/?post_type=product&#038;p=19608"},"modified":"2026-03-23T10:37:48","modified_gmt":"2026-03-23T09:37:48","slug":"pakiet-menzone","status":"publish","type":"product","link":"https:\/\/www.spaverde.pl\/en\/product\/package-menzone\/","title":{"rendered":"MenZone package"},"content":{"rendered":"<div class=\"wpb-content-wrapper\"><div class=\"vc_row wpb_row vc_row-fluid\"><div class=\"wpb_column vc_column_container vc_col-sm-12\"><div class=\"vc_column-inner\"><div class=\"wpb_wrapper\">\n\t<div class=\"wpb_text_column wpb_content_element\" >\n\t\t<div class=\"wpb_wrapper\">\n\t\t\t<p>Gentlemen, time just for you. Tense bodies, daily stresses, crushing expectations - you know it all. Sometimes you need to regenerate in order to be able to move on in the world. We warmly welcome you!<\/p>\n<p>What will it get you? :<\/p>\n<p>\u2013 bardzo g\u0142\u0119bok\u0105 i intensywn\u0105 regeneracj\u0119 psychiczn\u0105 i fizyczn\u0105<br \/>\n\u2013 zastrzyk energii<br \/>\n\u2013 swobod\u0119 my\u015bli, kreatywn\u0105 przestrze\u0144 do podejmowania zada\u0144<\/p>\n<p>Keep in mind that virtually any of the treatments we offer in each category may be suitable for you. It depends on your needs and condition and the goals you want to achieve. You can discuss these with us and we can prepare an INDIVIDUAL PACKAGE OR TREATMENT PLAN for you.<\/p>\n\n\t\t<\/div>\n\t<\/div>\n<\/div><\/div><\/div><\/div>\n<\/div>","protected":false},"excerpt":{"rendered":"<p>The Package includes:<\/p>\n<ol>\n<li>Mineral back treatment with Dead Sea mud mask<\/li>\n<li>Masa\u017c Antystresowy lub Sportowy 60 minutowy z aromaterapi\u0105: olejki eteryczne z drzew iglastych, drzewa sanda\u0142owego, paczuli, z odrobin\u0105 lawendy lub cytrusa postawi\u0105 Ci\u0119 na nogi lub na ma\u015ble Shea (do wyboru)<\/li>\n<li>MenZone facial treatment with head massage 15 min<\/li>\n<li>Smoothed feet<\/li>\n<\/ol>","protected":false},"featured_media":24533,"template":"","meta":[],"product_brand":[514],"product_cat":[131,136,132],"product_tag":[],"class_list":{"0":"post-19608","1":"product","2":"type-product","3":"status-publish","4":"has-post-thumbnail","6":"product_brand-verde","7":"product_cat-zabiegi","8":"product_cat-pakiety","9":"product_cat-men-zone","11":"first","12":"instock","13":"shipping-taxable","14":"purchasable","15":"product-type-variable","16":"has-default-attributes"},"_links":{"self":[{"href":"https:\/\/www.spaverde.pl\/en\/wp-json\/wp\/v2\/product\/19608","targetHints":{"allow":["GET"]}}],"collection":[{"href":"https:\/\/www.spaverde.pl\/en\/wp-json\/wp\/v2\/product"}],"about":[{"href":"https:\/\/www.spaverde.pl\/en\/wp-json\/wp\/v2\/types\/product"}],"version-history":[{"count":0,"href":"https:\/\/www.spaverde.pl\/en\/wp-json\/wp\/v2\/product\/19608\/revisions"}],"wp:featuredmedia":[{"embeddable":true,"href":"https:\/\/www.spaverde.pl\/en\/wp-json\/wp\/v2\/media\/24533"}],"wp:attachment":[{"href":"https:\/\/www.spaverde.pl\/en\/wp-json\/wp\/v2\/media?parent=19608"}],"wp:term":[{"taxonomy":"product_brand","embeddable":true,"href":"https:\/\/www.spaverde.pl\/en\/wp-json\/wp\/v2\/product_brand?post=19608"},{"taxonomy":"product_cat","embeddable":true,"href":"https:\/\/www.spaverde.pl\/en\/wp-json\/wp\/v2\/product_cat?post=19608"},{"taxonomy":"product_tag","embeddable":true,"href":"https:\/\/www.spaverde.pl\/en\/wp-json\/wp\/v2\/product_tag?post=19608"}],"curies":[{"name":"wp","href":"https:\/\/api.w.org\/{rel}","templated":true}]}}