{"id":19601,"date":"2022-04-11T14:01:54","date_gmt":"2022-04-11T12:01:54","guid":{"rendered":"https:\/\/www.spaverde.pl\/?post_type=product&#038;p=19601"},"modified":"2024-09-15T23:46:57","modified_gmt":"2024-09-15T21:46:57","slug":"kobiece-day-spa","status":"publish","type":"product","link":"https:\/\/www.spaverde.pl\/en\/product\/womens-day-spa\/","title":{"rendered":"Women's Day Spa"},"content":{"rendered":"<p dir=\"auto\">Many of us have forgotten what it means to take care of ourselves. We want to remind you of this, to touch that wonderful string in you, because when you recharge yourself, you will go out into the world with redoubled strength. Your strength!<\/p>\n<p dir=\"auto\">The package consists of:<br \/>\n\u2013 Icoone drena\u017c + program g\u0142\u0119boko relaksuj\u0105cy lub energetyzuj\u0105cy na plecy<br \/>\n\u2013 masa\u017c shea ca\u0142ego cia\u0142a 45 minut<br \/>\n\u2013 Velvet feet<br \/>\n\u2013 Kobido, fenomenalny masa\u017c twarzy wraz z aplikacj\u0105 olejowego serum<\/p>\n<p dir=\"auto\">What will it get you?<\/p>\n<ul>\n<li>activation of cellular metabolic processes<\/li>\n<li>wrapping you in warmth, soft light, taking care of you<\/li>\n<li>warming up, oxygenating muscles, improving wellbeing, increasing freedom and vitality<\/li>\n<li>reduction of pain\/discomfort in the body<\/li>\n<li>soft, delicate feet<\/li>\n<li>fantastic facelift, tissue nourishment, very deep relaxation<\/li>\n<li>feeling of rest<\/li>\n<\/ul>\n<p dir=\"auto\">It is only up to you how deeply you allow yourself to relax.<\/p>\n<p dir=\"auto\">Buy as a voucher<\/p>\n<p dir=\"auto\">For the problem: apathy, busyness, autumn, winter,<\/p>\n<p dir=\"auto\">Category: day spa, gift, holistic, back pain.<\/p>","protected":false},"excerpt":{"rendered":"<p>Duration: approx. 4 hours<\/p>\n<p>- Icoone drainage + deep relaxation or energising programme for the back<br \/>\n- Shea full body massage 45 minutes<br \/>\n- Smoothed feet<br \/>\n- Kobido, phenomenal facial massage along with oil serum application<\/p>","protected":false},"featured_media":23126,"template":"","meta":[],"product_brand":[514,481],"product_cat":[131,134,15,136],"product_tag":[],"class_list":{"0":"post-19601","1":"product","2":"type-product","3":"status-publish","4":"has-post-thumbnail","6":"product_brand-verde","7":"product_brand-icoone","8":"product_cat-zabiegi","9":"product_cat-icoone","10":"product_cat-masaze","11":"product_cat-pakiety","13":"first","14":"instock","15":"shipping-taxable","16":"purchasable","17":"product-type-variable","18":"has-default-attributes"},"_links":{"self":[{"href":"https:\/\/www.spaverde.pl\/en\/wp-json\/wp\/v2\/product\/19601","targetHints":{"allow":["GET"]}}],"collection":[{"href":"https:\/\/www.spaverde.pl\/en\/wp-json\/wp\/v2\/product"}],"about":[{"href":"https:\/\/www.spaverde.pl\/en\/wp-json\/wp\/v2\/types\/product"}],"version-history":[{"count":0,"href":"https:\/\/www.spaverde.pl\/en\/wp-json\/wp\/v2\/product\/19601\/revisions"}],"wp:featuredmedia":[{"embeddable":true,"href":"https:\/\/www.spaverde.pl\/en\/wp-json\/wp\/v2\/media\/23126"}],"wp:attachment":[{"href":"https:\/\/www.spaverde.pl\/en\/wp-json\/wp\/v2\/media?parent=19601"}],"wp:term":[{"taxonomy":"product_brand","embeddable":true,"href":"https:\/\/www.spaverde.pl\/en\/wp-json\/wp\/v2\/product_brand?post=19601"},{"taxonomy":"product_cat","embeddable":true,"href":"https:\/\/www.spaverde.pl\/en\/wp-json\/wp\/v2\/product_cat?post=19601"},{"taxonomy":"product_tag","embeddable":true,"href":"https:\/\/www.spaverde.pl\/en\/wp-json\/wp\/v2\/product_tag?post=19601"}],"curies":[{"name":"wp","href":"https:\/\/api.w.org\/{rel}","templated":true}]}}