{"id":15661,"date":"2020-10-15T13:10:23","date_gmt":"2020-10-15T11:10:23","guid":{"rendered":"https:\/\/verde.you2.pl\/?post_type=product&#038;p=15661"},"modified":"2025-09-13T12:46:39","modified_gmt":"2025-09-13T10:46:39","slug":"mocno-rozgrzewajacy-masaz-goracymi-kamieniami","status":"publish","type":"product","link":"https:\/\/www.spaverde.pl\/en\/product\/powerful-warming-massage-with-hot-stones\/","title":{"rendered":"Mocno Rozgrzewaj\u0105cy Masa\u017c Gor\u0105cymi Kamieniami Wulkanicznymi"},"content":{"rendered":"<h2>The best stone massage in Krakow<\/h2>\n<p>The stone massage guarantees rapid relaxation through strong overheating of the muscles. The closing of the heat circulation causes a very pleasant sensation that cannot be compared to a classic massage. The stone massage we offer is possible - depending on your personal preference - in an anti-stress and relaxation version. The therapist will discuss this with you directly before the treatment. As far as the benefits of the massage on offer are concerned, it improves skin nutrition, enhances skin respiration and, in addition, increases muscle elasticity and the ability of muscles to work. In addition, the treatment reduces cellulite and reduces blood resistance in the arteries. If you are interested, please do not hesitate to contact us!<\/p>\n<p>Treatment area: whole body - back, neck, shoulders, arms, legs, chest<br \/>\nIntensity: individual<\/p>\n<p>Recommended for people who usually freeze during a massage, who have problems with thermoregulation, who react positively and relaxed to heat, tense and irritated people whose muscles are under chronic tension.<\/p>","protected":false},"excerpt":{"rendered":"<p><strong>Category:<\/strong> body treatment, relaxation, calming, back pain, muscle pain, pace of life, therapeutic, physiotherapy, premenstrual tension, heat therapy, tension, stress, frostbite, deluxe massage<br \/>\n<strong>Skin type:<\/strong> dry, oily, mixed, mature, sensitive, acne-prone, normal<br \/>\n<strong>Treatment area:<\/strong> whole body<br \/>\n<strong>On the problem:<\/strong> daily stress, high tension, dry skin, headaches, back pain, neck pain, feeling tired, overtraining, chronic fatigue, fast-paced lifestyle, sedentary work, body discomfort, freezing, premenstrual tension, frostbite, decrease in endorphins, autumn despondency, depressive states, anxiety states<\/p>","protected":false},"featured_media":23146,"template":"","meta":[],"product_brand":[514],"product_cat":[15,131],"product_tag":[274,171,275,151,169,152,175,276,278,279,173,168],"class_list":{"0":"post-15661","1":"product","2":"type-product","3":"status-publish","4":"has-post-thumbnail","6":"product_brand-verde","7":"product_cat-masaze","8":"product_cat-zabiegi","9":"product_tag-napiecie-przedmiesiaczkowe","10":"product_tag-poczucie-zmeczenia","11":"product_tag-przemarzniecie","12":"product_tag-przemeczenie","13":"product_tag-przesuszona-skora","14":"product_tag-przetrenowanie","15":"product_tag-siedzacy-tryb-pracy","16":"product_tag-spadek-endorfin","17":"product_tag-stany-depresyjne","18":"product_tag-stany-lekowe","19":"product_tag-szybki-tryb-zycia","20":"product_tag-wysokie-napiecie","22":"first","23":"instock","24":"shipping-taxable","25":"purchasable","26":"product-type-variable"},"_links":{"self":[{"href":"https:\/\/www.spaverde.pl\/en\/wp-json\/wp\/v2\/product\/15661","targetHints":{"allow":["GET"]}}],"collection":[{"href":"https:\/\/www.spaverde.pl\/en\/wp-json\/wp\/v2\/product"}],"about":[{"href":"https:\/\/www.spaverde.pl\/en\/wp-json\/wp\/v2\/types\/product"}],"version-history":[{"count":0,"href":"https:\/\/www.spaverde.pl\/en\/wp-json\/wp\/v2\/product\/15661\/revisions"}],"wp:featuredmedia":[{"embeddable":true,"href":"https:\/\/www.spaverde.pl\/en\/wp-json\/wp\/v2\/media\/23146"}],"wp:attachment":[{"href":"https:\/\/www.spaverde.pl\/en\/wp-json\/wp\/v2\/media?parent=15661"}],"wp:term":[{"taxonomy":"product_brand","embeddable":true,"href":"https:\/\/www.spaverde.pl\/en\/wp-json\/wp\/v2\/product_brand?post=15661"},{"taxonomy":"product_cat","embeddable":true,"href":"https:\/\/www.spaverde.pl\/en\/wp-json\/wp\/v2\/product_cat?post=15661"},{"taxonomy":"product_tag","embeddable":true,"href":"https:\/\/www.spaverde.pl\/en\/wp-json\/wp\/v2\/product_tag?post=15661"}],"curies":[{"name":"wp","href":"https:\/\/api.w.org\/{rel}","templated":true}]}}