{"id":21162,"date":"2022-12-16T02:58:50","date_gmt":"2022-12-16T01:58:50","guid":{"rendered":"https:\/\/www.spaverde.pl\/?page_id=21162"},"modified":"2023-03-27T23:44:46","modified_gmt":"2023-03-27T21:44:46","slug":"terapia-przeciwmigrenowa","status":"publish","type":"page","link":"https:\/\/www.spaverde.pl\/en\/therapy-antigraine\/","title":{"rendered":"Anti-migraine therapy"},"content":{"rendered":"<div class=\"wpb-content-wrapper\"><div class=\"vc_row wpb_row vc_row-fluid\"><div class=\"wpb_column vc_column_container vc_col-sm-12\"><div class=\"vc_column-inner\"><div class=\"wpb_wrapper\"><div class=\"vc_empty_space\"   style=\"height: 32px\"><span class=\"vc_empty_space_inner\"><\/span><\/div><div class=\"vc_row wpb_row vc_inner vc_row-fluid\"><div class=\"wpb_column vc_column_container vc_col-sm-3\"><div class=\"vc_column-inner\"><div class=\"wpb_wrapper\">\n\t<div class=\"wpb_text_column wpb_content_element\" >\n\t\t<div class=\"wpb_wrapper\">\n\t\t\t<p style=\"text-align: center;\"><a href=\"https:\/\/www.spaverde.pl\/en\/brightening-up-combination\/\">Lightening of hyperpigmentation &lt;<\/a><\/p>\n\n\t\t<\/div>\n\t<\/div>\n<\/div><\/div><\/div><div class=\"wpb_column vc_column_container vc_col-sm-6\"><div class=\"vc_column-inner\"><div class=\"wpb_wrapper\">\n\t<div class=\"wpb_text_column wpb_content_element\" >\n\t\t<div class=\"wpb_wrapper\">\n\t\t\t<h1 class=\"h1.product_title\" style=\"text-align: center;\">Anti-migraine therapy<\/h1>\n\n\t\t<\/div>\n\t<\/div>\n<\/div><\/div><\/div><div class=\"wpb_column vc_column_container vc_col-sm-3\"><div class=\"vc_column-inner\"><div class=\"wpb_wrapper\">\n\t<div class=\"wpb_text_column wpb_content_element\" >\n\t\t<div class=\"wpb_wrapper\">\n\t\t\t<p style=\"text-align: center;\"><a href=\"https:\/\/www.spaverde.pl\/en\/hydration\/\">&gt; Hydration<\/a><\/p>\n\n\t\t<\/div>\n\t<\/div>\n<\/div><\/div><\/div><\/div><div class=\"vc_row wpb_row vc_inner vc_row-fluid\"><div class=\"wpb_column vc_column_container vc_col-sm-12\"><div class=\"vc_column-inner\"><div class=\"wpb_wrapper\"><div class=\"vc_empty_space\"   style=\"height: 32px\"><span class=\"vc_empty_space_inner\"><\/span><\/div><div class=\"woocommerce columns-4\"><ul class=\"products columns-4\">\n<li class=\"product type-product post-20656 status-publish first instock product_cat-zabiegi product_cat-facemodeling product_cat-twarz product_tag-obrzek-twarzy product_tag-paradontoza product_tag-problem-z-droznoscia-zatok product_tag-problemy-z-dziaslami product_tag-przewlekle-problemy-z-zatokami product_tag-spiete-miesnie-twarzy product_tag-spuchniete-powieki product_tag-zmeczenie-oczu has-post-thumbnail shipping-taxable purchasable product-type-variable\">\n\t<a href=\"https:\/\/www.spaverde.pl\/en\/product\/kinesiotaping-aesthetic-face\/\" class=\"woocommerce-LoopProduct-link woocommerce-loop-product__link\"><div class=\"woocommerce-image__wrapper\"><a href=\"https:\/\/www.spaverde.pl\/en\/product\/kinesiotaping-aesthetic-face\/\" title=\"Aesthetic kinesiotaping of the face\" class=\"woocommerce-LoopProduct-link woocommerce-loop-product__link\"><div class=\"shoptimizer-plp-carousel-container\"><div class=\"shoptimizer-plp-image-wrapper\"><img fetchpriority=\"high\" decoding=\"async\" width=\"300\" height=\"300\" src=\"https:\/\/www.spaverde.pl\/wp-content\/uploads\/2020\/10\/kinesiotaping-twarzy-1536x1536-2-300x300.jpg\" class=\"attachment-woocommerce_thumbnail size-woocommerce_thumbnail\" alt=\"Aesthetic kinesiotaping of the face\" srcset=\"https:\/\/www.spaverde.pl\/wp-content\/uploads\/2020\/10\/kinesiotaping-twarzy-1536x1536-2-300x300.jpg 300w, https:\/\/www.spaverde.pl\/wp-content\/uploads\/2020\/10\/kinesiotaping-twarzy-1536x1536-2-451x451.jpg 451w, https:\/\/www.spaverde.pl\/wp-content\/uploads\/2020\/10\/kinesiotaping-twarzy-1536x1536-2-800x800.jpg 800w, https:\/\/www.spaverde.pl\/wp-content\/uploads\/2020\/10\/kinesiotaping-twarzy-1536x1536-2-768x768.jpg 768w, https:\/\/www.spaverde.pl\/wp-content\/uploads\/2020\/10\/kinesiotaping-twarzy-1536x1536-2-12x12.jpg 12w, https:\/\/www.spaverde.pl\/wp-content\/uploads\/2020\/10\/kinesiotaping-twarzy-1536x1536-2-990x990.jpg 990w, https:\/\/www.spaverde.pl\/wp-content\/uploads\/2020\/10\/kinesiotaping-twarzy-1536x1536-2-441x441.jpg 441w, https:\/\/www.spaverde.pl\/wp-content\/uploads\/2020\/10\/kinesiotaping-twarzy-1536x1536-2-100x100.jpg 100w, https:\/\/www.spaverde.pl\/wp-content\/uploads\/2020\/10\/kinesiotaping-twarzy-1536x1536-2-730x730.jpg 730w, https:\/\/www.spaverde.pl\/wp-content\/uploads\/2020\/10\/kinesiotaping-twarzy-1536x1536-2-150x150.jpg 150w, https:\/\/www.spaverde.pl\/wp-content\/uploads\/2020\/10\/kinesiotaping-twarzy-1536x1536-2.jpg 1536w\" sizes=\"(max-width: 360px) 147px, (max-width: 300px) 100vw, 300px\" \/>\t\t\t\n\t<\/div><\/div><\/a><\/div><div class=\"woocommerce-card__header\">\t\t\t\t\t<p class=\"product__categories\"><a href=\"https:\/\/www.spaverde.pl\/en\/kategoria\/treatments\/\" rel=\"tag\">Treatments<\/a>, <a href=\"https:\/\/www.spaverde.pl\/en\/kategoria\/treatments\/facemodeling\/\" rel=\"tag\">Facemodeling<\/a>, <a href=\"https:\/\/www.spaverde.pl\/en\/kategoria\/treatments\/twarz\/\" rel=\"tag\">Facial care<\/a><\/p>\t\t\t\t<div class=\"woocommerce-loop-product__title\"><a tabindex=\"0\" href=\"https:\/\/www.spaverde.pl\/en\/product\/kinesiotaping-aesthetic-face\/\" aria-label=\"Aesthetic kinesiotaping of the face\" class=\"woocommerce-LoopProduct-link woocommerce-loop-product__link\">Aesthetic kinesiotaping of the face<\/a><\/div><div class=\"cgkit-as-variation-price\">\n\t<span class=\"price\"><span class=\"woocommerce-Price-amount amount\" aria-hidden=\"true\"><bdi>25&nbsp;<span class=\"woocommerce-Price-currencySymbol\">&#122;&#322;<\/span><\/bdi><\/span> <span aria-hidden=\"true\">&ndash;<\/span> <span class=\"woocommerce-Price-amount amount\" aria-hidden=\"true\"><bdi>50&nbsp;<span class=\"woocommerce-Price-currencySymbol\">&#122;&#322;<\/span><\/bdi><\/span><span class=\"screen-reader-text\" data-no-translation=\"\" data-trp-gettext=\"\">Zakres cen: od 25&nbsp;&#122;&#322; do 50&nbsp;&#122;&#322;<\/span><\/span>\n<\/div><\/a><\/div><\/li>\n<li class=\"product type-product post-15644 status-publish instock product_cat-zabiegi product_cat-facemodeling product_cat-masaze product_cat-pakiety product_cat-twarz product_tag-kurze-lapki product_tag-lifting product_tag-lwia-zmarszczka product_tag-opadajace-powieki product_tag-oznaki-starzenia product_tag-poczucie-zmeczenia product_tag-przeciwzmarszczkowe product_tag-przemeczenie product_tag-przesuszona-skora product_tag-siedzacy-tryb-pracy product_tag-skora-niedotleniona product_tag-skora-palacza product_tag-szybki-tryb-zycia product_tag-wiotkosc-skory product_tag-wysokie-napiecie product_tag-zabieg-bankietowy product_tag-zmarszczki-mimiczne product_tag-zmarszczki-palacza has-post-thumbnail shipping-taxable purchasable product-type-variable has-default-attributes\">\n\t<a href=\"https:\/\/www.spaverde.pl\/en\/product\/cobido-japanese-lifting-face\/\" class=\"woocommerce-LoopProduct-link woocommerce-loop-product__link\"><div class=\"woocommerce-image__wrapper\"><a href=\"https:\/\/www.spaverde.pl\/en\/product\/cobido-japanese-lifting-face\/\" title=\"KOBIDO Japanese Facelift\" class=\"woocommerce-LoopProduct-link woocommerce-loop-product__link\"><div class=\"shoptimizer-plp-carousel-container\"><div class=\"shoptimizer-plp-image-wrapper\"><img decoding=\"async\" width=\"300\" height=\"300\" src=\"https:\/\/www.spaverde.pl\/wp-content\/uploads\/2023\/11\/IMG_6517-300x300.jpg\" class=\"attachment-woocommerce_thumbnail size-woocommerce_thumbnail\" alt=\"KOBIDO Japanese Facelift\" srcset=\"https:\/\/www.spaverde.pl\/wp-content\/uploads\/2023\/11\/IMG_6517-300x300.jpg 300w, https:\/\/www.spaverde.pl\/wp-content\/uploads\/2023\/11\/IMG_6517-451x451.jpg 451w, https:\/\/www.spaverde.pl\/wp-content\/uploads\/2023\/11\/IMG_6517-800x800.jpg 800w, https:\/\/www.spaverde.pl\/wp-content\/uploads\/2023\/11\/IMG_6517-768x768.jpg 768w, https:\/\/www.spaverde.pl\/wp-content\/uploads\/2023\/11\/IMG_6517-1536x1536.jpg 1536w, https:\/\/www.spaverde.pl\/wp-content\/uploads\/2023\/11\/IMG_6517-12x12.jpg 12w, https:\/\/www.spaverde.pl\/wp-content\/uploads\/2023\/11\/IMG_6517-990x990.jpg 990w, https:\/\/www.spaverde.pl\/wp-content\/uploads\/2023\/11\/IMG_6517-441x441.jpg 441w, https:\/\/www.spaverde.pl\/wp-content\/uploads\/2023\/11\/IMG_6517-100x100.jpg 100w, https:\/\/www.spaverde.pl\/wp-content\/uploads\/2023\/11\/IMG_6517-730x730.jpg 730w, https:\/\/www.spaverde.pl\/wp-content\/uploads\/2023\/11\/IMG_6517-150x150.jpg 150w, https:\/\/www.spaverde.pl\/wp-content\/uploads\/2023\/11\/IMG_6517.jpg 2048w\" sizes=\"(max-width: 360px) 147px, (max-width: 300px) 100vw, 300px\" \/>\t\t\t\n\t<\/div><\/div><\/a><\/div><div class=\"woocommerce-card__header\">\t\t\t\t\t<p class=\"product__categories\"><a href=\"https:\/\/www.spaverde.pl\/en\/kategoria\/treatments\/\" rel=\"tag\">Treatments<\/a>, <a href=\"https:\/\/www.spaverde.pl\/en\/kategoria\/treatments\/facemodeling\/\" rel=\"tag\">Facemodeling<\/a>, <a href=\"https:\/\/www.spaverde.pl\/en\/kategoria\/treatments\/masaze\/\" rel=\"tag\">Massages<\/a>, <a href=\"https:\/\/www.spaverde.pl\/en\/kategoria\/treatments\/pakiety\/\" rel=\"tag\">PACKAGES<\/a>, <a href=\"https:\/\/www.spaverde.pl\/en\/kategoria\/treatments\/twarz\/\" rel=\"tag\">Facial care<\/a><\/p>\t\t\t\t<div class=\"woocommerce-loop-product__title\"><a tabindex=\"0\" href=\"https:\/\/www.spaverde.pl\/en\/product\/cobido-japanese-lifting-face\/\" aria-label=\"KOBIDO Japanese Facelift\" class=\"woocommerce-LoopProduct-link woocommerce-loop-product__link\">KOBIDO Japanese Facelift<\/a><\/div><div class=\"cgkit-as-variation-price\">\n\t<span class=\"price\"><span class=\"woocommerce-Price-amount amount\" aria-hidden=\"true\"><bdi>260&nbsp;<span class=\"woocommerce-Price-currencySymbol\">&#122;&#322;<\/span><\/bdi><\/span> <span aria-hidden=\"true\">&ndash;<\/span> <span class=\"woocommerce-Price-amount amount\" aria-hidden=\"true\"><bdi>3 200&nbsp;<span class=\"woocommerce-Price-currencySymbol\">&#122;&#322;<\/span><\/bdi><\/span><span class=\"screen-reader-text\" data-no-translation=\"\" data-trp-gettext=\"\">Zakres cen: od 260&nbsp;&#122;&#322; do 3 200&nbsp;&#122;&#322;<\/span><\/span>\n<\/div><\/a><\/div><\/li>\n<li class=\"product type-product post-15625 status-publish instock product_cat-masaze product_cat-zabiegi product_tag-migrena product_tag-poczucie-zmeczenia product_tag-przemeczenie product_tag-przesuszona-skora product_tag-siedzacy-tryb-pracy product_tag-szybki-tryb-zycia product_tag-wysokie-napiecie has-post-thumbnail shipping-taxable purchasable product-type-variable\">\n\t<a href=\"https:\/\/www.spaverde.pl\/en\/product\/anti-migraine-facial-head-and-neck-massage\/\" class=\"woocommerce-LoopProduct-link woocommerce-loop-product__link\"><div class=\"woocommerce-image__wrapper\"><a href=\"https:\/\/www.spaverde.pl\/en\/product\/anti-migraine-facial-head-and-neck-massage\/\" title=\"Anti-migraine Face and Neck Massage\" class=\"woocommerce-LoopProduct-link woocommerce-loop-product__link\"><div class=\"shoptimizer-plp-carousel-container\"><div class=\"shoptimizer-plp-image-wrapper\"><img decoding=\"async\" width=\"300\" height=\"300\" src=\"https:\/\/www.spaverde.pl\/wp-content\/uploads\/2020\/10\/4-1536x1536-2-300x300.jpg\" class=\"attachment-woocommerce_thumbnail size-woocommerce_thumbnail\" alt=\"Anti-migraine Face and Neck Massage\" srcset=\"https:\/\/www.spaverde.pl\/wp-content\/uploads\/2020\/10\/4-1536x1536-2-300x300.jpg 300w, https:\/\/www.spaverde.pl\/wp-content\/uploads\/2020\/10\/4-1536x1536-2-451x451.jpg 451w, https:\/\/www.spaverde.pl\/wp-content\/uploads\/2020\/10\/4-1536x1536-2-800x800.jpg 800w, https:\/\/www.spaverde.pl\/wp-content\/uploads\/2020\/10\/4-1536x1536-2-768x768.jpg 768w, https:\/\/www.spaverde.pl\/wp-content\/uploads\/2020\/10\/4-1536x1536-2-12x12.jpg 12w, https:\/\/www.spaverde.pl\/wp-content\/uploads\/2020\/10\/4-1536x1536-2-990x990.jpg 990w, https:\/\/www.spaverde.pl\/wp-content\/uploads\/2020\/10\/4-1536x1536-2-441x441.jpg 441w, https:\/\/www.spaverde.pl\/wp-content\/uploads\/2020\/10\/4-1536x1536-2-100x100.jpg 100w, https:\/\/www.spaverde.pl\/wp-content\/uploads\/2020\/10\/4-1536x1536-2-730x730.jpg 730w, https:\/\/www.spaverde.pl\/wp-content\/uploads\/2020\/10\/4-1536x1536-2-150x150.jpg 150w, https:\/\/www.spaverde.pl\/wp-content\/uploads\/2020\/10\/4-1536x1536-2.jpg 1536w\" sizes=\"(max-width: 360px) 147px, (max-width: 300px) 100vw, 300px\" \/>\t\t\t\n\t<\/div><\/div><\/a><\/div><div class=\"woocommerce-card__header\">\t\t\t\t\t<p class=\"product__categories\"><a href=\"https:\/\/www.spaverde.pl\/en\/kategoria\/treatments\/masaze\/\" rel=\"tag\">Massages<\/a>, <a href=\"https:\/\/www.spaverde.pl\/en\/kategoria\/treatments\/\" rel=\"tag\">Treatments<\/a><\/p>\t\t\t\t<div class=\"woocommerce-loop-product__title\"><a tabindex=\"0\" href=\"https:\/\/www.spaverde.pl\/en\/product\/anti-migraine-facial-head-and-neck-massage\/\" aria-label=\"Anti-migraine Face and Neck Massage\" class=\"woocommerce-LoopProduct-link woocommerce-loop-product__link\">Anti-migraine Face and Neck Massage<\/a><\/div><div class=\"cgkit-as-variation-price\">\n\t<span class=\"price\"><span class=\"woocommerce-Price-amount amount\" aria-hidden=\"true\"><bdi>150&nbsp;<span class=\"woocommerce-Price-currencySymbol\">&#122;&#322;<\/span><\/bdi><\/span> <span aria-hidden=\"true\">&ndash;<\/span> <span class=\"woocommerce-Price-amount amount\" aria-hidden=\"true\"><bdi>250&nbsp;<span class=\"woocommerce-Price-currencySymbol\">&#122;&#322;<\/span><\/bdi><\/span><span class=\"screen-reader-text\" data-no-translation=\"\" data-trp-gettext=\"\">Zakres cen: od 150&nbsp;&#122;&#322; do 250&nbsp;&#122;&#322;<\/span><\/span>\n<\/div><\/a><\/div><\/li>\n<li class=\"product type-product post-20672 status-publish last instock product_cat-zabiegi product_cat-facemodeling product_cat-masaze product_cat-pakiety product_cat-twarz product_tag-migreny product_tag-nieregularnosci-w-obrebie-podbrodka-i-szyi product_tag-nierowna-powierzchnia-kosci-czaszki product_tag-smartfonowa-szyja product_tag-zamrozenie-mimiki-spowodowane-stanami-depresyjnymi product_tag-zmarszczki-mimiczne-jesli-za-nimi-nie-przepadasz product_tag-zrosty has-post-thumbnail shipping-taxable purchasable product-type-variable\">\n\t<a href=\"https:\/\/www.spaverde.pl\/en\/product\/zoga-face-integration\/\" class=\"woocommerce-LoopProduct-link woocommerce-loop-product__link\"><div class=\"woocommerce-image__wrapper\"><a href=\"https:\/\/www.spaverde.pl\/en\/product\/zoga-face-integration\/\" title=\"ZOGA FACE INTEGRATION\" class=\"woocommerce-LoopProduct-link woocommerce-loop-product__link\"><div class=\"shoptimizer-plp-carousel-container\"><div class=\"shoptimizer-plp-image-wrapper\"><img loading=\"lazy\" decoding=\"async\" width=\"300\" height=\"300\" src=\"https:\/\/www.spaverde.pl\/wp-content\/uploads\/2022\/11\/zoga-face-300x300.png\" class=\"attachment-woocommerce_thumbnail size-woocommerce_thumbnail\" alt=\"ZOGA FACE INTEGRATION\" srcset=\"https:\/\/www.spaverde.pl\/wp-content\/uploads\/2022\/11\/zoga-face-300x300.png 300w, https:\/\/www.spaverde.pl\/wp-content\/uploads\/2022\/11\/zoga-face-150x150.png 150w, https:\/\/www.spaverde.pl\/wp-content\/uploads\/2022\/11\/zoga-face-730x730.png 730w, https:\/\/www.spaverde.pl\/wp-content\/uploads\/2022\/11\/zoga-face-451x451.png 451w, https:\/\/www.spaverde.pl\/wp-content\/uploads\/2022\/11\/zoga-face-800x800.png 800w, https:\/\/www.spaverde.pl\/wp-content\/uploads\/2022\/11\/zoga-face-768x768.png 768w, https:\/\/www.spaverde.pl\/wp-content\/uploads\/2022\/11\/zoga-face-1536x1536.png 1536w, https:\/\/www.spaverde.pl\/wp-content\/uploads\/2022\/11\/zoga-face-2048x2048.png 2048w, https:\/\/www.spaverde.pl\/wp-content\/uploads\/2022\/11\/zoga-face-12x12.png 12w, https:\/\/www.spaverde.pl\/wp-content\/uploads\/2022\/11\/zoga-face-990x990.png 990w, https:\/\/www.spaverde.pl\/wp-content\/uploads\/2022\/11\/zoga-face-441x441.png 441w, https:\/\/www.spaverde.pl\/wp-content\/uploads\/2022\/11\/zoga-face-100x100.png 100w\" sizes=\"(max-width: 360px) 147px, (max-width: 300px) 100vw, 300px\" \/>\t\t\t\n\t<\/div><\/div><\/a><\/div><div class=\"woocommerce-card__header\">\t\t\t\t\t<p class=\"product__categories\"><a href=\"https:\/\/www.spaverde.pl\/en\/kategoria\/treatments\/\" rel=\"tag\">Treatments<\/a>, <a href=\"https:\/\/www.spaverde.pl\/en\/kategoria\/treatments\/facemodeling\/\" rel=\"tag\">Facemodeling<\/a>, <a href=\"https:\/\/www.spaverde.pl\/en\/kategoria\/treatments\/masaze\/\" rel=\"tag\">Massages<\/a>, <a href=\"https:\/\/www.spaverde.pl\/en\/kategoria\/treatments\/pakiety\/\" rel=\"tag\">PACKAGES<\/a>, <a href=\"https:\/\/www.spaverde.pl\/en\/kategoria\/treatments\/twarz\/\" rel=\"tag\">Facial care<\/a><\/p>\t\t\t\t<div class=\"woocommerce-loop-product__title\"><a tabindex=\"0\" href=\"https:\/\/www.spaverde.pl\/en\/product\/zoga-face-integration\/\" aria-label=\"ZOGA FACE INTEGRATION\" class=\"woocommerce-LoopProduct-link woocommerce-loop-product__link\">ZOGA FACE INTEGRATION<\/a><\/div><div class=\"cgkit-as-variation-price\">\n\t<span class=\"price\"><span class=\"woocommerce-Price-amount amount\" aria-hidden=\"true\"><bdi>260&nbsp;<span class=\"woocommerce-Price-currencySymbol\">&#122;&#322;<\/span><\/bdi><\/span> <span aria-hidden=\"true\">&ndash;<\/span> <span class=\"woocommerce-Price-amount amount\" aria-hidden=\"true\"><bdi>3 200&nbsp;<span class=\"woocommerce-Price-currencySymbol\">&#122;&#322;<\/span><\/bdi><\/span><span class=\"screen-reader-text\" data-no-translation=\"\" data-trp-gettext=\"\">Zakres cen: od 260&nbsp;&#122;&#322; do 3 200&nbsp;&#122;&#322;<\/span><\/span>\n<\/div><\/a><\/div><\/li>\n<\/ul>\n<\/div><div class=\"vc_empty_space\"   style=\"height: 32px\"><span class=\"vc_empty_space_inner\"><\/span><\/div><\/div><\/div><\/div><\/div><div class=\"vc_row wpb_row vc_inner vc_row-fluid\"><div class=\"wpb_column vc_column_container vc_col-sm-3 vc_hidden-lg vc_hidden-md\"><div class=\"vc_column-inner\"><div class=\"wpb_wrapper\">\n\t<div class=\"wpb_text_column wpb_content_element\" >\n\t\t<div class=\"wpb_wrapper\">\n\t\t\t<p style=\"text-align: center;\"><a href=\"https:\/\/www.spaverde.pl\/en\/soothe-sensitive-skin\/\">Soothing sensitive skin &lt;<\/a><\/p>\n\n\t\t<\/div>\n\t<\/div>\n<\/div><\/div><\/div><div class=\"wpb_column vc_column_container vc_col-sm-6 vc_hidden-lg vc_hidden-md\"><div class=\"vc_column-inner\"><div class=\"wpb_wrapper\"><\/div><\/div><\/div><div class=\"wpb_column vc_column_container vc_col-sm-3 vc_hidden-lg vc_hidden-md\"><div class=\"vc_column-inner\"><div class=\"wpb_wrapper\">\n\t<div class=\"wpb_text_column wpb_content_element\" >\n\t\t<div class=\"wpb_wrapper\">\n\t\t\t<p style=\"text-align: center;\"><a href=\"https:\/\/www.spaverde.pl\/en\/therapy-antigraine\/\">&gt; Anti-migraine therapy<\/a><\/p>\n\n\t\t<\/div>\n\t<\/div>\n<div class=\"vc_empty_space\"   style=\"height: 32px\"><span class=\"vc_empty_space_inner\"><\/span><\/div><\/div><\/div><\/div><\/div><\/div><\/div><\/div><\/div>\n<\/div>","protected":false},"excerpt":{"rendered":"Rozja\u015bnienie przebarwie\u0144 &lt; Terapia przeciwmigrenowa &gt; Nawil\u017cenie Zabiegi, Facemodeling, Piel\u0119gnacja Twarzy Kinesiotaping estetyczny twarzy 25&nbsp;&#122;&#322; &ndash; 50&nbsp;&#122;&#322;Zakres cen: od 25&nbsp;&#122;&#322; do 50&nbsp;&#122;&#322; Zabiegi, Facemodeling, Masa\u017ce, PAKIETY, Piel\u0119gnacja Twarzy KOBIDO Japo\u0144ski Lifting Twarzy 260&nbsp;&#122;&#322; &ndash; 3 200&nbsp;&#122;&#322;Zakres cen: od 260&nbsp;&#122;&#322; do 3 200&nbsp;&#122;&#322; Massages, treatments Antigraine Facial Head and Neck Massage <trp-gettext [...]","protected":false},"author":769,"featured_media":0,"parent":0,"menu_order":0,"comment_status":"closed","ping_status":"closed","template":"template-fullwidth-no-heading.php","meta":{"footnotes":""},"class_list":["post-21162","page","type-page","status-publish","hentry"],"_links":{"self":[{"href":"https:\/\/www.spaverde.pl\/en\/wp-json\/wp\/v2\/pages\/21162","targetHints":{"allow":["GET"]}}],"collection":[{"href":"https:\/\/www.spaverde.pl\/en\/wp-json\/wp\/v2\/pages"}],"about":[{"href":"https:\/\/www.spaverde.pl\/en\/wp-json\/wp\/v2\/types\/page"}],"author":[{"embeddable":true,"href":"https:\/\/www.spaverde.pl\/en\/wp-json\/wp\/v2\/users\/769"}],"replies":[{"embeddable":true,"href":"https:\/\/www.spaverde.pl\/en\/wp-json\/wp\/v2\/comments?post=21162"}],"version-history":[{"count":0,"href":"https:\/\/www.spaverde.pl\/en\/wp-json\/wp\/v2\/pages\/21162\/revisions"}],"wp:attachment":[{"href":"https:\/\/www.spaverde.pl\/en\/wp-json\/wp\/v2\/media?parent=21162"}],"curies":[{"name":"wp","href":"https:\/\/api.w.org\/{rel}","templated":true}]}}