{"id":21160,"date":"2022-12-16T02:54:00","date_gmt":"2022-12-16T01:54:00","guid":{"rendered":"https:\/\/www.spaverde.pl\/?page_id=21160"},"modified":"2023-03-27T23:45:12","modified_gmt":"2023-03-27T21:45:12","slug":"rozjasnienie-przebarwien","status":"publish","type":"page","link":"https:\/\/www.spaverde.pl\/en\/brightening-up-combination\/","title":{"rendered":"Lightening of hyperpigmentation"},"content":{"rendered":"<div class=\"wpb-content-wrapper\"><div class=\"vc_row wpb_row vc_row-fluid\"><div class=\"wpb_column vc_column_container vc_col-sm-12\"><div class=\"vc_column-inner\"><div class=\"wpb_wrapper\"><div class=\"vc_empty_space\"   style=\"height: 32px\"><span class=\"vc_empty_space_inner\"><\/span><\/div><div class=\"vc_row wpb_row vc_inner vc_row-fluid\"><div class=\"wpb_column vc_column_container vc_col-sm-3\"><div class=\"vc_column-inner\"><div class=\"wpb_wrapper\">\n\t<div class=\"wpb_text_column wpb_content_element\" >\n\t\t<div class=\"wpb_wrapper\">\n\t\t\t<p style=\"text-align: center;\"><a href=\"https:\/\/www.spaverde.pl\/en\/soothe-sensitive-skin\/\">Soothing sensitive skin &lt;<\/a><\/p>\n\n\t\t<\/div>\n\t<\/div>\n<\/div><\/div><\/div><div class=\"wpb_column vc_column_container vc_col-sm-6\"><div class=\"vc_column-inner\"><div class=\"wpb_wrapper\">\n\t<div class=\"wpb_text_column wpb_content_element\" >\n\t\t<div class=\"wpb_wrapper\">\n\t\t\t<h1 class=\"h1.product_title\" style=\"text-align: center;\">Lightening of hyperpigmentation<\/h1>\n\n\t\t<\/div>\n\t<\/div>\n<\/div><\/div><\/div><div class=\"wpb_column vc_column_container vc_col-sm-3\"><div class=\"vc_column-inner\"><div class=\"wpb_wrapper\">\n\t<div class=\"wpb_text_column wpb_content_element\" >\n\t\t<div class=\"wpb_wrapper\">\n\t\t\t<p style=\"text-align: center;\"><a href=\"https:\/\/www.spaverde.pl\/en\/therapy-antigraine\/\">&gt; Anti-migraine therapy<\/a><\/p>\n\n\t\t<\/div>\n\t<\/div>\n<\/div><\/div><\/div><\/div><div class=\"vc_row wpb_row vc_inner vc_row-fluid\"><div class=\"wpb_column vc_column_container vc_col-sm-12\"><div class=\"vc_column-inner\"><div class=\"wpb_wrapper\"><div class=\"vc_empty_space\"   style=\"height: 32px\"><span class=\"vc_empty_space_inner\"><\/span><\/div><div class=\"woocommerce columns-4\"><ul class=\"products columns-4\">\n<li class=\"product type-product post-15857 status-publish first instock product_cat-twarz product_cat-zabiegi product_tag-napieta-skora product_tag-oznaki-starzenia product_tag-poczucie-zmeczenia product_tag-przebarwienia product_tag-przebarwienia-sloneczne product_tag-przemeczenie product_tag-przesuszona-skora product_tag-siedzacy-tryb-pracy product_tag-skora-nadwrazliwa product_tag-skora-niedotleniona product_tag-skora-palacza product_tag-skora-pozbawiona-blasku product_tag-szybki-tryb-zycia has-post-thumbnail shipping-taxable purchasable product-type-simple\">\n\t<a href=\"https:\/\/www.spaverde.pl\/en\/product\/depigen-on-pigmentation\/\" class=\"woocommerce-LoopProduct-link woocommerce-loop-product__link\"><div class=\"woocommerce-image__wrapper\"><a href=\"https:\/\/www.spaverde.pl\/en\/product\/depigen-on-pigmentation\/\" title=\"DepiGen for hyperpigmentation\" class=\"woocommerce-LoopProduct-link woocommerce-loop-product__link\"><div class=\"shoptimizer-plp-carousel-container\"><div class=\"shoptimizer-plp-image-wrapper\"><img fetchpriority=\"high\" decoding=\"async\" width=\"300\" height=\"300\" src=\"https:\/\/www.spaverde.pl\/wp-content\/uploads\/2020\/10\/przebarwienia-2-300x300.jpg\" class=\"attachment-woocommerce_thumbnail size-woocommerce_thumbnail\" alt=\"DepiGen for hyperpigmentation\" srcset=\"https:\/\/www.spaverde.pl\/wp-content\/uploads\/2020\/10\/przebarwienia-2-300x300.jpg 300w, https:\/\/www.spaverde.pl\/wp-content\/uploads\/2020\/10\/przebarwienia-2-451x451.jpg 451w, https:\/\/www.spaverde.pl\/wp-content\/uploads\/2020\/10\/przebarwienia-2-800x800.jpg 800w, https:\/\/www.spaverde.pl\/wp-content\/uploads\/2020\/10\/przebarwienia-2-768x768.jpg 768w, https:\/\/www.spaverde.pl\/wp-content\/uploads\/2020\/10\/przebarwienia-2-1536x1536.jpg 1536w, https:\/\/www.spaverde.pl\/wp-content\/uploads\/2020\/10\/przebarwienia-2-12x12.jpg 12w, https:\/\/www.spaverde.pl\/wp-content\/uploads\/2020\/10\/przebarwienia-2-990x990.jpg 990w, https:\/\/www.spaverde.pl\/wp-content\/uploads\/2020\/10\/przebarwienia-2-441x441.jpg 441w, https:\/\/www.spaverde.pl\/wp-content\/uploads\/2020\/10\/przebarwienia-2-100x100.jpg 100w, https:\/\/www.spaverde.pl\/wp-content\/uploads\/2020\/10\/przebarwienia-2-730x730.jpg 730w, https:\/\/www.spaverde.pl\/wp-content\/uploads\/2020\/10\/przebarwienia-2-150x150.jpg 150w, https:\/\/www.spaverde.pl\/wp-content\/uploads\/2020\/10\/przebarwienia-2.jpg 2048w\" sizes=\"(max-width: 360px) 147px, (max-width: 300px) 100vw, 300px\" \/>\t\t\t\n\t<\/div><\/div><\/a><\/div><div class=\"woocommerce-card__header\">\t\t\t\t\t<p class=\"product__categories\"><a href=\"https:\/\/www.spaverde.pl\/en\/kategoria\/treatments\/twarz\/\" rel=\"tag\">Facial care<\/a>, <a href=\"https:\/\/www.spaverde.pl\/en\/kategoria\/treatments\/\" rel=\"tag\">Treatments<\/a><\/p>\t\t\t\t<div class=\"woocommerce-loop-product__title\"><a tabindex=\"0\" href=\"https:\/\/www.spaverde.pl\/en\/product\/depigen-on-pigmentation\/\" aria-label=\"DepiGen for hyperpigmentation\" class=\"woocommerce-LoopProduct-link woocommerce-loop-product__link\">DepiGen for hyperpigmentation<\/a><\/div><div class=\"cgkit-as-variation-price\">\n\t<span class=\"price\"><span class=\"woocommerce-Price-amount amount\"><bdi>320&nbsp;<span class=\"woocommerce-Price-currencySymbol\">&#122;&#322;<\/span><\/bdi><\/span><\/span>\n<\/div><\/a><\/div><\/li>\n<\/ul>\n<\/div><div class=\"vc_empty_space\"   style=\"height: 32px\"><span class=\"vc_empty_space_inner\"><\/span><\/div><\/div><\/div><\/div><\/div><div class=\"vc_row wpb_row vc_inner vc_row-fluid\"><div class=\"wpb_column vc_column_container vc_col-sm-3 vc_hidden-lg vc_hidden-md\"><div class=\"vc_column-inner\"><div class=\"wpb_wrapper\">\n\t<div class=\"wpb_text_column wpb_content_element\" >\n\t\t<div class=\"wpb_wrapper\">\n\t\t\t<p style=\"text-align: center;\"><a href=\"https:\/\/www.spaverde.pl\/en\/soothe-sensitive-skin\/\">Soothing sensitive skin &lt;<\/a><\/p>\n\n\t\t<\/div>\n\t<\/div>\n<\/div><\/div><\/div><div class=\"wpb_column vc_column_container vc_col-sm-6 vc_hidden-lg vc_hidden-md\"><div class=\"vc_column-inner\"><div class=\"wpb_wrapper\"><\/div><\/div><\/div><div class=\"wpb_column vc_column_container vc_col-sm-3 vc_hidden-lg vc_hidden-md\"><div class=\"vc_column-inner\"><div class=\"wpb_wrapper\">\n\t<div class=\"wpb_text_column wpb_content_element\" >\n\t\t<div class=\"wpb_wrapper\">\n\t\t\t<p style=\"text-align: center;\"><a href=\"https:\/\/www.spaverde.pl\/en\/therapy-antigraine\/\">&gt; Anti-migraine therapy<\/a><\/p>\n\n\t\t<\/div>\n\t<\/div>\n<div class=\"vc_empty_space\"   style=\"height: 32px\"><span class=\"vc_empty_space_inner\"><\/span><\/div><\/div><\/div><\/div><\/div><\/div><\/div><\/div><\/div>\n<\/div>","protected":false},"excerpt":{"rendered":"Ukojenie cery wra\u017cliwej &lt; Rozja\u015bnienie przebarwie\u0144 &gt; Terapia przeciwmigrenowa Piel\u0119gnacja Twarzy, Zabiegi DepiGen na przebarwienia 320&nbsp;&#122;&#322; Ukojenie cery wra\u017cliwej &lt; &gt; Terapia przeciwmigrenowa","protected":false},"author":769,"featured_media":0,"parent":0,"menu_order":0,"comment_status":"closed","ping_status":"closed","template":"template-fullwidth-no-heading.php","meta":{"footnotes":""},"class_list":["post-21160","page","type-page","status-publish","hentry"],"_links":{"self":[{"href":"https:\/\/www.spaverde.pl\/en\/wp-json\/wp\/v2\/pages\/21160","targetHints":{"allow":["GET"]}}],"collection":[{"href":"https:\/\/www.spaverde.pl\/en\/wp-json\/wp\/v2\/pages"}],"about":[{"href":"https:\/\/www.spaverde.pl\/en\/wp-json\/wp\/v2\/types\/page"}],"author":[{"embeddable":true,"href":"https:\/\/www.spaverde.pl\/en\/wp-json\/wp\/v2\/users\/769"}],"replies":[{"embeddable":true,"href":"https:\/\/www.spaverde.pl\/en\/wp-json\/wp\/v2\/comments?post=21160"}],"version-history":[{"count":0,"href":"https:\/\/www.spaverde.pl\/en\/wp-json\/wp\/v2\/pages\/21160\/revisions"}],"wp:attachment":[{"href":"https:\/\/www.spaverde.pl\/en\/wp-json\/wp\/v2\/media?parent=21160"}],"curies":[{"name":"wp","href":"https:\/\/api.w.org\/{rel}","templated":true}]}}