{"id":21158,"date":"2022-12-16T02:50:32","date_gmt":"2022-12-16T01:50:32","guid":{"rendered":"https:\/\/www.spaverde.pl\/?page_id=21158"},"modified":"2023-03-27T23:45:46","modified_gmt":"2023-03-27T21:45:46","slug":"ukojenie-cery-wrazliwej","status":"publish","type":"page","link":"https:\/\/www.spaverde.pl\/en\/soothe-sensitive-skin\/","title":{"rendered":"Soothing sensitive skin"},"content":{"rendered":"<div class=\"wpb-content-wrapper\"><div class=\"vc_row wpb_row vc_row-fluid\"><div class=\"wpb_column vc_column_container vc_col-sm-12\"><div class=\"vc_column-inner\"><div class=\"wpb_wrapper\"><div class=\"vc_empty_space\"   style=\"height: 32px\"><span class=\"vc_empty_space_inner\"><\/span><\/div><div class=\"vc_row wpb_row vc_inner vc_row-fluid\"><div class=\"wpb_column vc_column_container vc_col-sm-3\"><div class=\"vc_column-inner\"><div class=\"wpb_wrapper\">\n\t<div class=\"wpb_text_column wpb_content_element\" >\n\t\t<div class=\"wpb_wrapper\">\n\t\t\t<p style=\"text-align: center;\"><a href=\"https:\/\/www.spaverde.pl\/en\/cleaning\/\">Purification &lt;<\/a><\/p>\n\n\t\t<\/div>\n\t<\/div>\n<\/div><\/div><\/div><div class=\"wpb_column vc_column_container vc_col-sm-6\"><div class=\"vc_column-inner\"><div class=\"wpb_wrapper\">\n\t<div class=\"wpb_text_column wpb_content_element\" >\n\t\t<div class=\"wpb_wrapper\">\n\t\t\t<h1 class=\"h1.product_title\" style=\"text-align: center;\">Soothing sensitive skin<\/h1>\n\n\t\t<\/div>\n\t<\/div>\n<\/div><\/div><\/div><div class=\"wpb_column vc_column_container vc_col-sm-3\"><div class=\"vc_column-inner\"><div class=\"wpb_wrapper\">\n\t<div class=\"wpb_text_column wpb_content_element\" >\n\t\t<div class=\"wpb_wrapper\">\n\t\t\t<p style=\"text-align: center;\"><a href=\"https:\/\/www.spaverde.pl\/en\/brightening-up-combination\/\">&gt; Lightening of hyperpigmentation<\/a><\/p>\n\n\t\t<\/div>\n\t<\/div>\n<\/div><\/div><\/div><\/div><div class=\"vc_row wpb_row vc_inner vc_row-fluid\"><div class=\"wpb_column vc_column_container vc_col-sm-12\"><div class=\"vc_column-inner\"><div class=\"wpb_wrapper\"><div class=\"vc_empty_space\"   style=\"height: 32px\"><span class=\"vc_empty_space_inner\"><\/span><\/div><div class=\"woocommerce columns-4\"><ul class=\"products columns-4\">\n<li class=\"product type-product post-15829 status-publish first instock product_cat-twarz product_cat-zabiegi product_tag-poczucie-zmeczenia product_tag-przemeczenie product_tag-przesuszona-skora product_tag-szybki-tryb-zycia product_tag-trudny-dzien product_tag-wysokie-napiecie has-post-thumbnail shipping-taxable purchasable product-type-variable has-default-attributes\">\n\t<a href=\"https:\/\/www.spaverde.pl\/en\/product\/face-express\/\" class=\"woocommerce-LoopProduct-link woocommerce-loop-product__link\"><div class=\"woocommerce-image__wrapper\"><a href=\"https:\/\/www.spaverde.pl\/en\/product\/face-express\/\" title=\"FACE EXPRESS!\" class=\"woocommerce-LoopProduct-link woocommerce-loop-product__link\"><div class=\"shoptimizer-plp-carousel-container\"><div class=\"shoptimizer-plp-image-wrapper\"><img fetchpriority=\"high\" decoding=\"async\" width=\"300\" height=\"300\" src=\"https:\/\/www.spaverde.pl\/wp-content\/uploads\/2020\/10\/IMG_6499-3-300x300.jpg\" class=\"attachment-woocommerce_thumbnail size-woocommerce_thumbnail\" alt=\"FACE EXPRESS!\" srcset=\"https:\/\/www.spaverde.pl\/wp-content\/uploads\/2020\/10\/IMG_6499-3-300x300.jpg 300w, https:\/\/www.spaverde.pl\/wp-content\/uploads\/2020\/10\/IMG_6499-3-451x451.jpg 451w, https:\/\/www.spaverde.pl\/wp-content\/uploads\/2020\/10\/IMG_6499-3-800x800.jpg 800w, https:\/\/www.spaverde.pl\/wp-content\/uploads\/2020\/10\/IMG_6499-3-768x768.jpg 768w, https:\/\/www.spaverde.pl\/wp-content\/uploads\/2020\/10\/IMG_6499-3-1536x1536.jpg 1536w, https:\/\/www.spaverde.pl\/wp-content\/uploads\/2020\/10\/IMG_6499-3-12x12.jpg 12w, https:\/\/www.spaverde.pl\/wp-content\/uploads\/2020\/10\/IMG_6499-3-990x990.jpg 990w, https:\/\/www.spaverde.pl\/wp-content\/uploads\/2020\/10\/IMG_6499-3-441x441.jpg 441w, https:\/\/www.spaverde.pl\/wp-content\/uploads\/2020\/10\/IMG_6499-3-100x100.jpg 100w, https:\/\/www.spaverde.pl\/wp-content\/uploads\/2020\/10\/IMG_6499-3-730x730.jpg 730w, https:\/\/www.spaverde.pl\/wp-content\/uploads\/2020\/10\/IMG_6499-3-150x150.jpg 150w, https:\/\/www.spaverde.pl\/wp-content\/uploads\/2020\/10\/IMG_6499-3.jpg 2048w\" sizes=\"(max-width: 360px) 147px, (max-width: 300px) 100vw, 300px\" \/>\t\t\t\n\t<\/div><\/div><\/a><\/div><div class=\"woocommerce-card__header\">\t\t\t\t\t<p class=\"product__categories\"><a href=\"https:\/\/www.spaverde.pl\/en\/kategoria\/treatments\/twarz\/\" rel=\"tag\">Facial care<\/a>, <a href=\"https:\/\/www.spaverde.pl\/en\/kategoria\/treatments\/\" rel=\"tag\">Treatments<\/a><\/p>\t\t\t\t<div class=\"woocommerce-loop-product__title\"><a tabindex=\"0\" href=\"https:\/\/www.spaverde.pl\/en\/product\/face-express\/\" aria-label=\"FACE EXPRESS!\" class=\"woocommerce-LoopProduct-link woocommerce-loop-product__link\">FACE EXPRESS!<\/a><\/div><div class=\"cgkit-as-variation-price\">\n\t<span class=\"price\"><span class=\"woocommerce-Price-amount amount\"><bdi>150&nbsp;<span class=\"woocommerce-Price-currencySymbol\">&#122;&#322;<\/span><\/bdi><\/span><\/span>\n<\/div><\/a><\/div><\/li>\n<\/ul>\n<\/div><div class=\"vc_empty_space\"   style=\"height: 32px\"><span class=\"vc_empty_space_inner\"><\/span><\/div><\/div><\/div><\/div><\/div><div class=\"vc_row wpb_row vc_inner vc_row-fluid\"><div class=\"wpb_column vc_column_container vc_col-sm-3 vc_hidden-lg vc_hidden-md\"><div class=\"vc_column-inner\"><div class=\"wpb_wrapper\">\n\t<div class=\"wpb_text_column wpb_content_element\" >\n\t\t<div class=\"wpb_wrapper\">\n\t\t\t<p style=\"text-align: center;\"><a href=\"https:\/\/www.spaverde.pl\/en\/cleaning\/\">Purification &lt;<\/a><\/p>\n\n\t\t<\/div>\n\t<\/div>\n<\/div><\/div><\/div><div class=\"wpb_column vc_column_container vc_col-sm-6 vc_hidden-lg vc_hidden-md\"><div class=\"vc_column-inner\"><div class=\"wpb_wrapper\"><\/div><\/div><\/div><div class=\"wpb_column vc_column_container vc_col-sm-3 vc_hidden-lg vc_hidden-md\"><div class=\"vc_column-inner\"><div class=\"wpb_wrapper\">\n\t<div class=\"wpb_text_column wpb_content_element\" >\n\t\t<div class=\"wpb_wrapper\">\n\t\t\t<p style=\"text-align: center;\"><a href=\"https:\/\/www.spaverde.pl\/en\/brightening-up-combination\/\">&gt; Lightening of hyperpigmentation<\/a><\/p>\n\n\t\t<\/div>\n\t<\/div>\n<div class=\"vc_empty_space\"   style=\"height: 32px\"><span class=\"vc_empty_space_inner\"><\/span><\/div><\/div><\/div><\/div><\/div><\/div><\/div><\/div><\/div>\n<\/div>","protected":false},"excerpt":{"rendered":"Oczyszczenie &lt; Ukojenie cery wra\u017cliwej &gt; Rozja\u015bnienie przebarwie\u0144 Piel\u0119gnacja Twarzy, Zabiegi FACE EXPRESS! 150&nbsp;&#122;&#322; Oczyszczenie &lt; &gt; Rozja\u015bnienie przebarwie\u0144","protected":false},"author":769,"featured_media":0,"parent":0,"menu_order":0,"comment_status":"closed","ping_status":"closed","template":"template-fullwidth-no-heading.php","meta":{"footnotes":""},"class_list":["post-21158","page","type-page","status-publish","hentry"],"_links":{"self":[{"href":"https:\/\/www.spaverde.pl\/en\/wp-json\/wp\/v2\/pages\/21158","targetHints":{"allow":["GET"]}}],"collection":[{"href":"https:\/\/www.spaverde.pl\/en\/wp-json\/wp\/v2\/pages"}],"about":[{"href":"https:\/\/www.spaverde.pl\/en\/wp-json\/wp\/v2\/types\/page"}],"author":[{"embeddable":true,"href":"https:\/\/www.spaverde.pl\/en\/wp-json\/wp\/v2\/users\/769"}],"replies":[{"embeddable":true,"href":"https:\/\/www.spaverde.pl\/en\/wp-json\/wp\/v2\/comments?post=21158"}],"version-history":[{"count":0,"href":"https:\/\/www.spaverde.pl\/en\/wp-json\/wp\/v2\/pages\/21158\/revisions"}],"wp:attachment":[{"href":"https:\/\/www.spaverde.pl\/en\/wp-json\/wp\/v2\/media?parent=21158"}],"curies":[{"name":"wp","href":"https:\/\/api.w.org\/{rel}","templated":true}]}}